

{"id":12,"date":"2012-01-10T19:48:07","date_gmt":"2012-01-10T19:48:07","guid":{"rendered":"http:\/\/lhota-u-vsetina.knihovna.info\/?page_id=12"},"modified":"2012-08-09T09:12:51","modified_gmt":"2012-08-09T09:12:51","slug":"cenik","status":"publish","type":"page","link":"https:\/\/lhota-u-vsetina.knihovna.info\/?page_id=12","title":{"rendered":"Cen\u00edk"},"content":{"rendered":"<h1><span style=\"color: #ff6600;\">Ro\u010dn\u00ed registra\u010dn\u00ed poplatek :<\/span><\/h1>\n<p><span style=\"color: #000000;\"><strong>Dosp\u011bl\u00ed\u00a0\u00a0 \u00a0 \u00a0 \u00a0 \u00a0 \u00a0 \u00a0 \u00a0 \u00a0 \u00a0 20 K\u010d<\/strong><\/span><\/p>\n<p><strong><span style=\"color: #000000;\">D\u011bti, d\u016fchodci\u00a0\u00a0\u00a0\u00a0\u00a0\u00a0\u00a0 10 K\u010d<\/span><\/strong><\/p>\n<h1><span style=\"color: #ff6600;\">V\u00fdp\u016fj\u010dn\u00ed slu\u017eby:<\/span> \u00a0 ZDARMA<\/h1>\n<h1><span style=\"color: #ff6600;\">Internet: <\/span>\u00a0\u00a0\u00a0\u00a0\u00a0\u00a0\u00a0\u00a0\u00a0\u00a0\u00a0\u00a0\u00a0\u00a0\u00a0 ZDARMA<\/h1>\n","protected":false},"excerpt":{"rendered":"<p>Ro\u010dn\u00ed registra\u010dn\u00ed poplatek : Dosp\u011bl\u00ed\u00a0\u00a0 \u00a0 \u00a0 \u00a0 \u00a0 \u00a0 \u00a0 \u00a0 \u00a0 \u00a0 20 K\u010d D\u011bti, d\u016fchodci\u00a0\u00a0\u00a0\u00a0\u00a0\u00a0\u00a0 10 K\u010d V\u00fdp\u016fj\u010dn\u00ed slu\u017eby: \u00a0 ZDARMA Internet: \u00a0\u00a0\u00a0\u00a0\u00a0\u00a0\u00a0\u00a0\u00a0\u00a0\u00a0\u00a0\u00a0\u00a0\u00a0 ZDARMA<\/p>\n","protected":false},"author":1,"featured_media":0,"parent":0,"menu_order":0,"comment_status":"closed","ping_status":"closed","template":"","meta":{"ngg_post_thumbnail":0,"footnotes":""},"class_list":["post-12","page","type-page","status-publish","hentry"],"_links":{"self":[{"href":"https:\/\/lhota-u-vsetina.knihovna.info\/index.php?rest_route=\/wp\/v2\/pages\/12","targetHints":{"allow":["GET"]}}],"collection":[{"href":"https:\/\/lhota-u-vsetina.knihovna.info\/index.php?rest_route=\/wp\/v2\/pages"}],"about":[{"href":"https:\/\/lhota-u-vsetina.knihovna.info\/index.php?rest_route=\/wp\/v2\/types\/page"}],"author":[{"embeddable":true,"href":"https:\/\/lhota-u-vsetina.knihovna.info\/index.php?rest_route=\/wp\/v2\/users\/1"}],"replies":[{"embeddable":true,"href":"https:\/\/lhota-u-vsetina.knihovna.info\/index.php?rest_route=%2Fwp%2Fv2%2Fcomments&post=12"}],"version-history":[{"count":6,"href":"https:\/\/lhota-u-vsetina.knihovna.info\/index.php?rest_route=\/wp\/v2\/pages\/12\/revisions"}],"predecessor-version":[{"id":164,"href":"https:\/\/lhota-u-vsetina.knihovna.info\/index.php?rest_route=\/wp\/v2\/pages\/12\/revisions\/164"}],"wp:attachment":[{"href":"https:\/\/lhota-u-vsetina.knihovna.info\/index.php?rest_route=%2Fwp%2Fv2%2Fmedia&parent=12"}],"curies":[{"name":"wp","href":"https:\/\/api.w.org\/{rel}","templated":true}]}}