

{"id":132,"date":"2012-08-07T08:10:58","date_gmt":"2012-08-07T08:10:58","guid":{"rendered":"http:\/\/lhota-u-vsetina.knihovna.info\/?page_id=132"},"modified":"2012-08-09T11:38:51","modified_gmt":"2012-08-09T11:38:51","slug":"o-knihovne","status":"publish","type":"page","link":"https:\/\/lhota-u-vsetina.knihovna.info\/?page_id=132","title":{"rendered":"O knihovn\u011b"},"content":{"rendered":"<p style=\"text-align: center;\"><span style=\"color: #ff6600; font-size: 20px;\"><strong>Knihovna se nach\u00e1z\u00ed v obci Lhota u Vset\u00edna<\/strong><\/span><\/p>\n<p style=\"text-align: left;\"><span style=\"color: #000000; font-size: 16px; font-family: times new roman,times;\">Obec Lhota u Vset\u00edna le\u017e\u00ed jihoz\u00e1padn\u00edm sm\u011brem od m\u011bsta Vset\u00edn. Obec se rozkl\u00e1d\u00e1 v \u00fadol\u00ed tvo\u0159en\u00e9m potokem Rokytenkou, kter\u00fd tvo\u0159\u00ed hranici mezi Host\u00fdnsk\u00fdmi vrchy a Vizovickou vrchovinou. Obec je postavena pod\u00e9l silnice spojuj\u00edc\u00ed m\u011bsto Vset\u00edn s m\u011bstem Vizovice<\/span><span style=\"color: #ff6600; font-size: 20px;\"><span style=\"color: #000000; font-size: 16px; font-family: times new roman,times;\"> a pr\u00e1v\u011b p\u0159\u00edmo u t\u00e9to cesty p\u0159i v\u00fdjezdu ze Vset\u00edna\u00a0 uprost\u0159ed obce po lev\u00e9 stran\u011b se\u00a0 nach\u00e1z\u00ed budova obecn\u00edho \u00fa\u0159adu, kde je um\u00edst\u011bna i na\u0161e knihovna.<\/span><strong><br \/>\n<\/strong><\/span><\/p>\n<p style=\"text-align: center;\"><span style=\"color: #ff6600;\"><strong>Na\u0161i knihovnu najdete v p\u0159\u00edzem\u00ed budovy obecn\u00edho \u00fa\u0159adu.<\/strong><\/span><\/p>\n<p><a href=\"http:\/\/lhota-u-vsetina.knihovna.info\/wp-content\/uploads\/2012\/08\/P5100931.jpg\"><img loading=\"lazy\" decoding=\"async\" class=\"aligncenter size-medium wp-image-136\" title=\"OLYMPUS DIGITAL CAMERA\" src=\"http:\/\/lhota-u-vsetina.knihovna.info\/wp-content\/uploads\/2012\/08\/P5100931-300x225.jpg\" alt=\"\" width=\"300\" height=\"225\" srcset=\"https:\/\/lhota-u-vsetina.knihovna.info\/wp-content\/uploads\/2012\/08\/P5100931-300x225.jpg 300w, https:\/\/lhota-u-vsetina.knihovna.info\/wp-content\/uploads\/2012\/08\/P5100931-1024x768.jpg 1024w, https:\/\/lhota-u-vsetina.knihovna.info\/wp-content\/uploads\/2012\/08\/P5100931-400x300.jpg 400w\" sizes=\"auto, (max-width: 300px) 100vw, 300px\" \/><\/a><\/p>\n<p style=\"text-align: center;\"><strong><span style=\"color: #008000;\">Z\u0159izovatelem knihovny je<\/span> <a title=\"Obec Lhota u Vset\u00edna\" href=\"http:\/\/www.lhotauvsetina.cz\/\" target=\"_blank\">Obec Lhota u Vset\u00edna\u00a0\u00a0 <\/a><\/strong><\/p>\n","protected":false},"excerpt":{"rendered":"<p>Knihovna se nach\u00e1z\u00ed v obci Lhota u Vset\u00edna Obec Lhota u Vset\u00edna le\u017e\u00ed jihoz\u00e1padn\u00edm sm\u011brem od m\u011bsta Vset\u00edn. Obec se rozkl\u00e1d\u00e1 v \u00fadol\u00ed tvo\u0159en\u00e9m potokem Rokytenkou, kter\u00fd tvo\u0159\u00ed hranici mezi Host\u00fdnsk\u00fdmi vrchy a Vizovickou vrchovinou. Obec je postavena pod\u00e9l silnice &hellip; <a href=\"https:\/\/lhota-u-vsetina.knihovna.info\/?page_id=132\">Cel\u00fd p\u0159\u00edsp\u011bvek <span class=\"meta-nav\">&rarr;<\/span><\/a><\/p>\n","protected":false},"author":1,"featured_media":0,"parent":0,"menu_order":0,"comment_status":"closed","ping_status":"closed","template":"","meta":{"ngg_post_thumbnail":0,"footnotes":""},"class_list":["post-132","page","type-page","status-publish","hentry"],"_links":{"self":[{"href":"https:\/\/lhota-u-vsetina.knihovna.info\/index.php?rest_route=\/wp\/v2\/pages\/132","targetHints":{"allow":["GET"]}}],"collection":[{"href":"https:\/\/lhota-u-vsetina.knihovna.info\/index.php?rest_route=\/wp\/v2\/pages"}],"about":[{"href":"https:\/\/lhota-u-vsetina.knihovna.info\/index.php?rest_route=\/wp\/v2\/types\/page"}],"author":[{"embeddable":true,"href":"https:\/\/lhota-u-vsetina.knihovna.info\/index.php?rest_route=\/wp\/v2\/users\/1"}],"replies":[{"embeddable":true,"href":"https:\/\/lhota-u-vsetina.knihovna.info\/index.php?rest_route=%2Fwp%2Fv2%2Fcomments&post=132"}],"version-history":[{"count":12,"href":"https:\/\/lhota-u-vsetina.knihovna.info\/index.php?rest_route=\/wp\/v2\/pages\/132\/revisions"}],"predecessor-version":[{"id":178,"href":"https:\/\/lhota-u-vsetina.knihovna.info\/index.php?rest_route=\/wp\/v2\/pages\/132\/revisions\/178"}],"wp:attachment":[{"href":"https:\/\/lhota-u-vsetina.knihovna.info\/index.php?rest_route=%2Fwp%2Fv2%2Fmedia&parent=132"}],"curies":[{"name":"wp","href":"https:\/\/api.w.org\/{rel}","templated":true}]}}