

{"id":166,"date":"2012-08-09T09:14:43","date_gmt":"2012-08-09T09:14:43","guid":{"rendered":"http:\/\/lhota-u-vsetina.knihovna.info\/?page_id=166"},"modified":"2012-08-09T10:57:04","modified_gmt":"2012-08-09T10:57:04","slug":"uzitecne-odkazy","status":"publish","type":"page","link":"https:\/\/lhota-u-vsetina.knihovna.info\/?page_id=166","title":{"rendered":"U\u017eite\u010dn\u00e9 odkazy"},"content":{"rendered":"<h1><strong><span style=\"color: #ff6600; font-family: Verdana; font-size: small;\"><span style=\"font-family: Verdana; font-size: small;\"><span style=\"font-family: Verdana; font-size: medium;\">Knihovny:<\/span><\/span> <\/span><\/strong><\/h1>\n<h1><span style=\"color: #800080; font-family: Verdana; font-size: small;\"><span style=\"font-family: Verdana; font-size: small;\"><a href=\"http:\/\/www.mvk.cz\/\">Masarykova ve\u0159ejn\u00e1 knihovna Vset\u00edn<\/a><\/span><\/span><\/h1>\n<h1><span style=\"color: #800080; font-family: Verdana; font-size: small;\"><span style=\"font-family: Verdana; font-size: small;\"><a href=\"http:\/\/www.kfbz.cz\/index.htm\">Krajsk\u00e1 knihovna Franti\u0161ka Barto\u0161e Zl\u00edn<\/a><\/span><\/span><\/h1>\n<h1><span style=\"color: #800080; font-family: Verdana; font-size: small;\"><span style=\"font-family: Verdana; font-size: small;\"><a href=\"http:\/\/www.nkp.cz\/\">N\u00e1rodn\u00ed knihovna \u010cR<\/a><\/span><\/span><\/h1>\n<h1><span style=\"color: #800080; font-family: Verdana; font-size: small;\"><span style=\"font-family: Verdana; font-size: small;\"><a href=\"http:\/\/www.ptejteseknihovny.cz\/\">Ptejte se knihovny<\/a> &#8211; <span style=\"color: #000000;\">dotazy p\u0159\u00edmo pro zapojen\u00e9 knihovny<\/span><\/span><\/span><\/h1>\n<h1><strong><span style=\"color: #800080; font-family: Verdana; font-size: small;\"><span style=\"color: #ff6600; font-family: Verdana; font-size: small;\"><span style=\"font-family: Verdana; font-size: medium;\">Zaj\u00edmav\u00e9 projekty: <\/span><\/span><\/span><\/strong><\/h1>\n<h1><span style=\"color: #800080; font-family: Verdana; font-size: small;\"><span style=\"font-family: Verdana; font-size: small;\"><span style=\"font-family: Verdana; font-size: small;\"><a href=\"http:\/\/www.ctenipomaha.cz\/\">\u010cten\u00ed pom\u00e1h\u00e1<\/a> &#8211; <\/span><span style=\"color: #000000; font-family: Verdana; font-size: small;\">charitativn\u00ed akce, zam\u011b\u0159en\u00e1 na znalosti z literatury \u017e\u00e1k\u016f a student\u016f<\/span><\/span><\/span><\/h1>\n<h1><span style=\"color: #800080; font-family: Verdana; font-size: small;\"><span style=\"font-family: Verdana; font-size: small;\"><span style=\"font-family: Verdana; font-size: small;\"><a href=\"http:\/\/www.celeceskoctedetem.cz\/\">Cel\u00e9 \u010desko \u010dte d\u011btem<\/a> &#8211;<span style=\"color: #000000;\">na podporu \u010dten\u00e1\u0159sk\u00e9 gramotnosti d\u011bt\u00ed a ml\u00e1de\u017ee<\/span><\/span><\/span><\/span><\/h1>\n<h1><span style=\"color: #800080; font-family: Verdana; font-size: small;\"><span style=\"font-family: Verdana; font-size: small;\"><span style=\"font-family: Verdana; font-size: small;\"><a href=\"http:\/\/www.rostemesknihou.cz\/\">Rosteme s knihou<\/a> <span style=\"color: #000000;\">&#8211; <\/span><\/span><span style=\"color: #000000; font-family: Verdana; font-size: small;\">na podporu \u010detby<\/span><\/span><\/span><\/h1>\n<h1><span style=\"font-family: Verdana; font-size: small;\"><a href=\"http:\/\/www.bibliohelp.cz\/\">Bibliohelp<\/a> <span style=\"color: #000000;\">&#8211; l\u00e9\u010dba knihou<\/span><\/span><\/h1>\n<h1><span style=\"font-family: Verdana; font-size: small;\"><a href=\"http:\/\/www.citarny.cz\/\">\u010c\u00edt\u00e1rny<\/a> &#8211; <span style=\"color: #000000;\">knihy, \u010dten\u00ed, z\u00e1bava<\/span><\/span><\/h1>\n<h1><span style=\"font-family: Verdana; font-size: small;\"><a href=\"http:\/\/www.mlp.cz\/cz\/projekty\/on-line-projekty\/\">E-knihovna<\/a> <span style=\"color: #000000;\">&#8211; p\u0159\u00edstup k elektronick\u00fdm knih\u00e1m<\/span><\/span><\/h1>\n<h1><span style=\"font-family: Verdana; font-size: small;\"><span style=\"font-family: Verdana; font-size: small;\"><a href=\"http:\/\/www.kralovstvimluvenehoslova.cz\/\">Kr\u00e1lovstv\u00ed mluven\u00e9ho slova<\/a>\u00a0 &#8211; audioknihy &#8211; od poh\u00e1dek a\u017e po klasiky<\/span><\/span><\/h1>\n<h1><strong><span style=\"color: #ff6600; font-family: Verdana; font-size: medium;\"><span style=\"font-family: Verdana;\">Str\u00e1nky ur\u010den\u00e9 d\u011btem:<\/span><\/span><\/strong><\/h1>\n<h1><span style=\"font-family: Verdana; font-size: small;\"><span style=\"font-family: Verdana; font-size: medium;\"><span style=\"font-size: small;\"><a href=\"http:\/\/www.rozhlas.cz\/spektrum\/portal\">Web\u00edk<\/a> &#8211; str\u00e1nky \u010cesk\u00e9ho rozhlasu pro d\u011bti<\/span><\/span><\/span><\/h1>\n<h1><span style=\"font-family: Verdana; font-size: small;\"><span style=\"font-family: Verdana; font-size: medium;\"><span style=\"font-size: small;\"><a href=\"http:\/\/www.detskestranky.cz\/\">D\u011btsk\u00e9 str\u00e1nky<\/a> &#8211; aby se d\u011bti nenudily<\/span><\/span><\/span><\/h1>\n<h1><span style=\"font-family: Verdana; font-size: small;\"><span style=\"font-family: Verdana; font-size: medium;\"><span style=\"font-size: small;\"><a href=\"http:\/\/www.ctyrlistek.cz\/\">\u010cy\u0159l\u00edstek<\/a> &#8211; <\/span><span style=\"color: #000000; font-size: small;\">d\u011btsk\u00fd web s pr\u016fvodci My\u0161pul\u00ednem, Bob\u00edkem, Pin\u010fou a Fifinkou<\/span><\/span><\/span><\/h1>\n<h1><span style=\"font-family: Verdana; font-size: small;\"><a href=\"http:\/\/alik.idnes.cz\/\">Al\u00edk<\/a> &#8211; port\u00e1l pro d\u011bti<\/span><\/h1>\n<h1><strong><span style=\"color: #ff6600; font-family: Verdana; font-size: small;\"><span style=\"font-family: Verdana; font-size: medium;\">Pro studenty:<\/span><\/span><\/strong><\/h1>\n<h1><span style=\"font-family: Verdana; font-size: small;\"><span style=\"font-family: Verdana; font-size: medium;\"><span style=\"font-size: small;\"><a href=\"http:\/\/www.spisovatele.cz\/\">Spisovatel\u00e9<\/a> &#8211; \u017eivotopisy spisovatel\u016f<\/span><\/span><\/span><\/h1>\n<h1><span style=\"font-family: Verdana; font-size: small;\"><span style=\"font-family: Verdana; font-size: medium;\"><span style=\"font-size: small;\"><a href=\"http:\/\/www.ctenarsky-denik.cz\/\">\u010cten\u00e1\u0159sk\u00fd den\u00edk<\/a> &#8211; d\u00edla spisovatel\u016f<\/span><\/span><\/span><\/h1>\n<h1><span style=\"font-family: Verdana; font-size: small;\"><a href=\"http:\/\/ld.johanesville.net\/uvod\">Liter\u00e1rn\u00ed doul\u011b<\/a> &#8211; \u010dten\u00e1\u0159sk\u00fd den\u00edk, zdroj pro refer\u00e1ty, povinn\u00e1 \u010detba i knihovna v jednom, e &#8211; books<\/span><\/h1>\n<h1><strong><span style=\"color: #ff6600; font-family: Verdana; font-size: small;\"><span style=\"font-family: Verdana; font-size: medium;\"><span style=\"font-size: medium;\">Pro za\u010d\u00ednaj\u00edc\u00ed spisovatele:<\/span><\/span><\/span><\/strong><\/h1>\n<h1><span style=\"font-family: Verdana; font-size: small;\"><span style=\"font-family: Verdana; font-size: medium;\"><span style=\"font-size: small;\"><a href=\"http:\/\/www.liter.cz\/\">Liter<\/a> &#8211; amat\u00e9rsk\u00fd liter\u00e1rn\u00ed server<\/span><\/span><\/span><\/h1>\n<h1><span style=\"font-size: small;\"><a href=\"http:\/\/piste-povidky.cz\/\">Pi\u0161te pov\u00eddky<\/a> &#8211; startovac\u00ed plocha pro budouc\u00ed spisovatele<\/span><\/h1>\n<h1><strong><span style=\"color: #ff6600;\">Mohli byste pot\u0159ebovat:<\/span><\/strong><\/h1>\n<h1><span style=\"font-size: small;\"><a href=\"http:\/\/jizdnirady.idnes.cz\/vlakyautobusy\/spojeni\/\">J\u00edzdn\u00ed \u0159\u00e1dy<\/a><\/span><\/h1>\n<h1><span style=\"font-size: small;\"><a href=\"http:\/\/www.psc.cz\/\">PS\u010c<\/a><\/span><\/h1>\n","protected":false},"excerpt":{"rendered":"<p>Knihovny: Masarykova ve\u0159ejn\u00e1 knihovna Vset\u00edn Krajsk\u00e1 knihovna Franti\u0161ka Barto\u0161e Zl\u00edn N\u00e1rodn\u00ed knihovna \u010cR Ptejte se knihovny &#8211; dotazy p\u0159\u00edmo pro zapojen\u00e9 knihovny Zaj\u00edmav\u00e9 projekty: \u010cten\u00ed pom\u00e1h\u00e1 &#8211; charitativn\u00ed akce, zam\u011b\u0159en\u00e1 na znalosti z literatury \u017e\u00e1k\u016f a student\u016f Cel\u00e9 \u010desko \u010dte &hellip; <a href=\"https:\/\/lhota-u-vsetina.knihovna.info\/?page_id=166\">Cel\u00fd p\u0159\u00edsp\u011bvek <span class=\"meta-nav\">&rarr;<\/span><\/a><\/p>\n","protected":false},"author":1,"featured_media":0,"parent":0,"menu_order":0,"comment_status":"closed","ping_status":"closed","template":"","meta":{"ngg_post_thumbnail":0,"footnotes":""},"class_list":["post-166","page","type-page","status-publish","hentry"],"_links":{"self":[{"href":"https:\/\/lhota-u-vsetina.knihovna.info\/index.php?rest_route=\/wp\/v2\/pages\/166","targetHints":{"allow":["GET"]}}],"collection":[{"href":"https:\/\/lhota-u-vsetina.knihovna.info\/index.php?rest_route=\/wp\/v2\/pages"}],"about":[{"href":"https:\/\/lhota-u-vsetina.knihovna.info\/index.php?rest_route=\/wp\/v2\/types\/page"}],"author":[{"embeddable":true,"href":"https:\/\/lhota-u-vsetina.knihovna.info\/index.php?rest_route=\/wp\/v2\/users\/1"}],"replies":[{"embeddable":true,"href":"https:\/\/lhota-u-vsetina.knihovna.info\/index.php?rest_route=%2Fwp%2Fv2%2Fcomments&post=166"}],"version-history":[{"count":3,"href":"https:\/\/lhota-u-vsetina.knihovna.info\/index.php?rest_route=\/wp\/v2\/pages\/166\/revisions"}],"predecessor-version":[{"id":170,"href":"https:\/\/lhota-u-vsetina.knihovna.info\/index.php?rest_route=\/wp\/v2\/pages\/166\/revisions\/170"}],"wp:attachment":[{"href":"https:\/\/lhota-u-vsetina.knihovna.info\/index.php?rest_route=%2Fwp%2Fv2%2Fmedia&parent=166"}],"curies":[{"name":"wp","href":"https:\/\/api.w.org\/{rel}","templated":true}]}}