

{"id":197,"date":"2012-10-08T06:16:33","date_gmt":"2012-10-08T06:16:33","guid":{"rendered":"http:\/\/lhota-u-vsetina.knihovna.info\/?page_id=197"},"modified":"2020-02-27T09:42:02","modified_gmt":"2020-02-27T09:42:02","slug":"aktualne","status":"publish","type":"page","link":"https:\/\/lhota-u-vsetina.knihovna.info\/?page_id=197","title":{"rendered":"Aktu\u00e1ln\u011b"},"content":{"rendered":"\n<p class=\"has-huge-font-size\"><strong>Nov\u00e9 webov\u00e9 str\u00e1nky:<\/strong><\/p>\n\n\n\n<p><a href=\"https:\/\/lhotauvsetina.knihovna.cz\/\">https:\/\/lhotauvsetina.knihovna.cz\/<\/a><\/p>\n\n\n<h2 align=\"left\"><span style=\"font-family: arial,helvetica,sans-serif; color: #ff6600;\"><strong><strong><strong><strong><strong><strong><strong><strong><strong><strong><strong><strong><strong><strong><strong><strong><strong><strong><strong><strong><strong><strong><strong><strong><strong><strong><strong><strong><strong><strong><strong><strong><strong><strong><strong><strong><strong><strong><strong><strong><span style=\"font-size: small;\"><strong><strong><strong><strong><strong><strong><strong><strong>Leden 2016<\/strong><\/strong><\/strong><\/strong><\/strong><\/strong><\/strong><\/strong><\/span><\/strong><\/strong><\/strong><\/strong><\/strong><\/strong><\/strong><\/strong><\/strong><\/strong><\/strong><\/strong><\/strong><\/strong><\/strong><\/strong><\/strong><\/strong><\/strong><\/strong><\/strong><\/strong><\/strong><\/strong><\/strong><\/strong><\/strong><\/strong><\/strong><\/strong><\/strong><\/strong><\/strong><\/strong><\/strong><\/strong><\/strong><\/strong><\/strong><\/strong><\/span><\/h2>\n<h2 align=\"left\"><span style=\"font-family: arial,helvetica,sans-serif; color: #ff6600;\"><strong><strong><strong><strong><strong><strong><strong><strong><strong><strong><strong><strong><strong><strong><strong><strong><strong><strong><strong><strong><strong><strong><strong><strong><strong><strong><strong><strong><strong><strong><strong><strong><strong><strong><strong><strong><strong><strong><strong><strong><span style=\"font-size: small;\"><span style=\"color: #008000;\">Dovezli jsme nov\u00e9 knihy ze zimn\u00edho cirkula\u010dn\u00edho souboru. Jejich seznam naleznete<\/span> zde: <a href=\"http:\/\/lhota-u-vsetina.knihovna.info\/wp-content\/uploads\/2012\/10\/CI-zluta-2016-Lhota.pdf\">Zimn\u00ed cirkula\u010dn\u00ed soubor<\/a><\/span><\/strong><\/strong><\/strong><\/strong><\/strong><\/strong><\/strong><\/strong><\/strong><\/strong><\/strong><\/strong><\/strong><\/strong><\/strong><\/strong><\/strong><\/strong><\/strong><\/strong><\/strong><\/strong><\/strong><\/strong><\/strong><\/strong><\/strong><\/strong><\/strong><\/strong><\/strong><\/strong><\/strong><\/strong><\/strong><\/strong><\/strong><\/strong><\/strong><\/strong><\/span><\/h2>\n<h2 align=\"left\"><span style=\"font-family: arial,helvetica,sans-serif; color: #ff6600;\"><strong><strong><strong><strong><strong><strong><strong><strong><strong><strong><strong><strong><strong><strong><strong><strong><strong><strong><strong><strong><strong><strong><strong><strong><strong><strong><strong><strong><strong><strong><strong><strong><strong><strong><strong><strong><strong><strong><strong><strong><span style=\"font-size: small;\"><strong><strong><strong><strong><strong><strong><strong><strong>Kv\u011bten 2015<\/strong><\/strong><\/strong><\/strong><\/strong><\/strong><\/strong><\/strong><\/span><\/strong><\/strong><\/strong><\/strong><\/strong><\/strong><\/strong><\/strong><\/strong><\/strong><\/strong><\/strong><\/strong><\/strong><\/strong><\/strong><\/strong><\/strong><\/strong><\/strong><\/strong><\/strong><\/strong><\/strong><\/strong><\/strong><\/strong><\/strong><\/strong><\/strong><\/strong><\/strong><\/strong><\/strong><\/strong><\/strong><\/strong><\/strong><\/strong><\/strong><\/span><\/h2>\n<h2 align=\"left\"><span style=\"font-family: arial,helvetica,sans-serif;\">&nbsp;<\/span><span style=\"font-size: 14px; font-family: arial,helvetica,sans-serif; color: #000080;\">Nov\u00e9 knihy pro V\u00e1s !!!!!<\/span><\/h2>\n<h2 align=\"left\"><span style=\"font-family: arial,helvetica,sans-serif;\">&nbsp;<\/span><span style=\"font-size: 12px; font-family: arial,helvetica,sans-serif; color: #ff6600;\"><span style=\"color: #3366ff;\">Jako ka\u017ed\u00fd rok v kv\u011btnu jsme dostali do knihovny&nbsp;okolo 130 knih&nbsp;z jarn\u00edho&nbsp;cirkula\u010dn\u00edho&nbsp;souboru.&nbsp;Z\u016fstanou u n\u00e1s po cel\u00fd rok,&nbsp;vyu\u017eijte tedy n\u00e1v\u0161t\u011bvy v knihovn\u011b k jejich vyp\u016fj\u010den\u00ed.&nbsp;Seznam&nbsp;naleznete <a href=\"http:\/\/lhota-u-vsetina.knihovna.info\/wp-content\/uploads\/2012\/10\/CI-2015-cervenyLhota1.pdf\">CI &#8211; 2015 &#8211; cervenyLhota<\/a><\/span><\/span><\/h2>\n<h2 align=\"left\"><span style=\"font-family: arial,helvetica,sans-serif;\"><span style=\"color: #ff6600;\"><strong><strong><strong><strong><strong><strong><strong><strong><strong><strong><strong><strong><strong><strong><strong><strong><strong><strong><strong><strong><strong><strong><strong><strong><strong><strong><strong><strong><strong><strong><strong><strong><strong><strong><strong><strong><strong><strong><strong><strong><span style=\"font-size: small;\"><strong><strong><strong><strong><strong><strong><strong><strong><span style=\"color: #3366ff;\"><a href=\"http:\/\/lhota-u-vsetina.knihovna.info\/wp-content\/uploads\/2012\/10\/CI-2015-zluty-Lhota-u-Vs.pdf\">CI &#8211; 2015 &#8211; zluty &#8211; Lhota u Vs<\/a><\/span><\/strong><\/strong><\/strong><\/strong><\/strong><\/strong><\/strong><\/strong><\/span><\/strong><\/strong><\/strong><\/strong><\/strong><\/strong><\/strong><\/strong><\/strong><\/strong><\/strong><\/strong><\/strong><\/strong><\/strong><\/strong><\/strong><\/strong><\/strong><\/strong><\/strong><\/strong><\/strong><\/strong><\/strong><\/strong><\/strong><\/strong><\/strong><\/strong><\/strong><\/strong><\/strong><\/strong><\/strong><\/strong><\/strong><\/strong><\/strong><\/strong><\/span>&nbsp;<\/span><\/h2>\n<h2 align=\"left\"><em><\/em>&nbsp;<\/h2>\n<h2 align=\"left\">&nbsp;<\/h2>\n<p style=\"text-align: center;\"><span style=\"color: #ff0000;\"><strong><strong><strong><a href=\"http:\/\/lhota-u-vsetina.knihovna.info\/wp-content\/uploads\/2012\/10\/knihynasobebarevne.jpg\"><img loading=\"lazy\" decoding=\"async\" class=\"aligncenter size-medium wp-image-249\" title=\"knihynasobebarevne\" src=\"http:\/\/lhota-u-vsetina.knihovna.info\/wp-content\/uploads\/2012\/10\/knihynasobebarevne-300x255.jpg\" alt=\"\" width=\"165\" height=\"141\" srcset=\"https:\/\/lhota-u-vsetina.knihovna.info\/wp-content\/uploads\/2012\/10\/knihynasobebarevne-300x255.jpg 300w, https:\/\/lhota-u-vsetina.knihovna.info\/wp-content\/uploads\/2012\/10\/knihynasobebarevne-351x300.jpg 351w, https:\/\/lhota-u-vsetina.knihovna.info\/wp-content\/uploads\/2012\/10\/knihynasobebarevne.jpg 353w\" sizes=\"auto, (max-width: 165px) 100vw, 165px\" \/><\/a> <\/strong><\/strong><\/strong><\/span><\/p>\n<p style=\"text-align: center;\">&nbsp;<span style=\"font-size: small;\"><strong><span style=\"color: #ff6600; font-family: Verdana;\">\u0160ance na v\u00fdhru !!!<\/span><\/strong><\/span><\/p>\n<h1 style=\"text-align: center;\"><span style=\"color: #0000ff; font-family: Verdana; font-size: small;\"><strong>V\u00e1\u017een\u00ed \u010dten\u00e1\u0159i, dejte hlas \u010desk\u00e9 knize, kter\u00e1 V\u00e1s v minul\u00e9m roce nejv\u00edce oslovila<\/strong><\/span><\/h1>\n<h1 style=\"text-align: center;\"><span style=\"font-family: Verdana; font-size: small;\"><strong>Hlasujte zde:<\/strong> <a href=\"http:\/\/www.magnesia-litera.cz\/\">http:\/\/www.magnesia-litera.cz\/<\/a><\/span><\/h1>\n<h1 style=\"text-align: center;\"><span style=\"font-family: Verdana; font-size: x-small;\">Ve \u010dten\u00e1\u0159sk\u00e9 sout\u011b\u017ei zv\u00edt\u011bz\u00ed kniha, kter\u00e1 do 28. b\u0159ezna 2014 z\u00edsk\u00e1 nejv\u00edce hlas\u016f. Uz\u00e1v\u011brka hlasov\u00e1n\u00ed&nbsp; je&nbsp; tedy letos ji\u017e 28. b\u0159ezna!!!!<\/span><\/h1>\n<h1 style=\"text-align: center;\"><strong><strong><strong><strong><\/strong><\/strong><\/strong><\/strong><span style=\"font-family: Verdana; font-size: x-small;\">Ka\u017ed\u00fd platn\u00fd mail bude za\u0159azen do slosov\u00e1n\u00ed. Vylosov\u00e1no bude 500 \u010dten\u00e1\u0159\u016f, kte\u0159\u00ed z\u00edskaj\u00ed pouk\u00e1zku v hodnot\u011b 200 korun na n\u00e1kup knih.<\/span><\/h1>\n<h1 style=\"text-align: center;\"><span style=\"font-family: Verdana; font-size: x-small;\">Seznam v\u00fdherc\u016f bude zve\u0159ejn\u011bn na webu <a href=\"http:\/\/www.magnesia-litera.cz\/\">http:\/\/www.magnesia-litera.cz\/<\/a><\/span><\/h1>\n<p style=\"text-align: center;\"><span style=\"color: #0000ff; font-size: x-small;\">*****<\/span><\/p>\n<p><span style=\"color: #0000ff;\"><span style=\"color: #008000;\"><strong><strong><strong><strong><strong><span style=\"font-family: Verdana; font-size: small;\">12<\/span><\/strong><\/strong><\/strong><\/strong><\/strong><\/span><span style=\"font-family: Verdana; font-size: small;\"><span style=\"color: #008000;\"><strong>. \u00fanor 2014:<\/strong> <\/span><span style=\"color: #ff6600;\"><strong>M\u00e1me nov\u00fd cirkula\u010dn\u00ed soubor !!!<\/strong><\/span> <span style=\"color: #000000;\">V po\u0159ad\u00ed<\/span> <span style=\"color: #ff6600;\"><strong>ji\u017e t\u0159et\u00ed !<\/strong><\/span> <span style=\"color: #000000;\">M\u016f\u017eete si vyb\u00edrat z nov\u00e9 nab\u00eddky knih !!! Celkem je pro v\u00e1s nachyst\u00e1no 36 nov\u00fdch titul\u016f z tohoto souboru. Barevn\u00e9 ozna\u010den\u00ed<\/span> <span style=\"color: #ffcc00;\"><strong>&#8211; \u017dLUT\u00c1 ( prou\u017eek na h\u0159betu knihy)<\/strong><\/span><\/span><\/span><\/p>\n<p><strong><span style=\"color: #0000ff;\"><span style=\"font-family: Verdana; font-size: small;\"><span style=\"color: #000000;\">Na seznam t\u011bchto novinek se m\u016f\u017eete pod\u00edvat v z\u00e1lo\u017ece <span style=\"color: #0000ff;\">Slu\u017eby<\/span><\/span><\/span><\/span><\/strong><\/p>\n<p align=\"center\"><span style=\"color: #0000ff;\"><strong><span style=\"font-family: Verdana; font-size: small;\">P\u0159ij\u010fte n\u00e1s nav\u0161t\u00edvit, ur\u010dit\u011b si vyberete<img decoding=\"async\" src=\"http:\/\/kunovice.knihovna.info\/wp-includes\/images\/smilies\/icon_smile.gif\" alt=\":-)\"><\/span><\/strong><\/span><\/p>\n<p><a href=\"http:\/\/lhota-u-vsetina.knihovna.info\/wp-content\/uploads\/2012\/10\/Fotografie0180.jpg\"><img loading=\"lazy\" decoding=\"async\" class=\"aligncenter size-medium wp-image-211\" title=\"Fotografie0180\" src=\"http:\/\/lhota-u-vsetina.knihovna.info\/wp-content\/uploads\/2012\/10\/Fotografie0180-300x225.jpg\" alt=\"\" width=\"180\" height=\"137\"><\/a><strong><strong><strong><strong><strong><strong><strong><strong><strong><strong><span style=\"color: #000000;\"><span style=\"color: #0000ff;\"><strong><strong><strong><strong><strong><strong><strong><strong><strong><strong><span style=\"color: #000000;\"><span style=\"color: #0000ff;\"><strong><strong><strong><strong><strong><strong><strong><strong><strong><strong><span style=\"color: #000000;\"><span style=\"color: #0000ff;\"><strong><strong><strong><strong><strong><strong><strong><strong><strong><strong><span style=\"color: #000000;\"><span style=\"color: #0000ff;\"><span style=\"color: #008000;\"><strong><strong><strong><strong><strong><strong><strong><strong><span style=\"color: #000000;\"><span style=\"color: #008000;\"><strong><strong><strong><strong><strong><strong><strong><strong><strong><strong><span style=\"color: #000000;\"><span style=\"color: #0000ff;\"><strong><strong><strong><strong><strong><strong><strong><strong><strong><strong><span style=\"color: #000000;\"><span style=\"color: #0000ff;\"><strong><strong><strong><strong><strong><strong><strong><strong><strong><strong><span style=\"color: #000000;\"><span style=\"color: #0000ff;\"><strong><strong><strong><strong><strong><strong><strong><strong><strong><strong><span style=\"color: #000000;\"><span style=\"color: #0000ff;\"><span style=\"color: #000000;\"><strong><strong><strong><strong><strong><strong><strong><strong><span style=\"color: #000000;\"><span style=\"color: #008000;\">3. prosinec 2013: <\/span><span style=\"color: #ff6600;\">V knihovn\u011b m\u00e1me nov\u00e9 knihy z v\u00fdm\u011bnn\u00e9ho souboru ! <\/span><\/span><\/strong><\/strong><\/strong><\/strong><\/strong><\/strong><\/strong><\/strong><\/span><\/span><\/span><\/strong><\/strong><\/strong><\/strong><\/strong><\/strong><\/strong><\/strong><\/strong><\/strong><\/span><\/span><\/strong><\/strong><\/strong><\/strong><\/strong><\/strong><\/strong><\/strong><\/strong><\/strong><\/span><\/span><\/strong><\/strong><\/strong><\/strong><\/strong><\/strong><\/strong><\/strong><\/strong><\/strong><\/span><\/span><\/strong><\/strong><\/strong><\/strong><\/strong><\/strong><\/strong><\/strong><\/strong><\/strong><\/span><\/span><\/strong><\/strong><\/strong><\/strong><\/strong><\/strong><\/strong><\/strong><\/span><\/span><\/span><\/strong><\/strong><\/strong><\/strong><\/strong><\/strong><\/strong><\/strong><\/strong><\/strong><\/span><\/span><\/strong><\/strong><\/strong><\/strong><\/strong><\/strong><\/strong><\/strong><\/strong><\/strong><\/span><\/span><\/strong><\/strong><\/strong><\/strong><\/strong><\/strong><\/strong><\/strong><\/strong><\/strong><\/span><\/span><\/strong><\/strong><\/strong><\/strong><\/strong><\/strong><\/strong><\/strong><\/strong><\/strong><span style=\"color: #000000;\"><span style=\"color: #0000ff;\"><span style=\"color: #000000;\"><span style=\"color: #0000ff;\"><span style=\"color: #000000;\"><span style=\"color: #0000ff;\"><span style=\"color: #000000;\"><span style=\"color: #0000ff;\"><span style=\"color: #008000;\"><span style=\"color: #000000;\"><span style=\"color: #008000;\"><span style=\"color: #000000;\"><span style=\"color: #0000ff;\"><span style=\"color: #000000;\"><span style=\"color: #0000ff;\"><span style=\"color: #000000;\"><span style=\"color: #0000ff;\"><span style=\"color: #000000;\"><span style=\"color: #0000ff;\"><span style=\"color: #000000;\"><span style=\"color: #000000;\"><span style=\"color: #ff6600;\"><span style=\"color: #000000;\">P\u0159ij\u010fte si <\/span><\/span><\/span><\/span><\/span><\/span><\/span><\/span><\/span><\/span><\/span><\/span><\/span><\/span><\/span><\/span><\/span><\/span><\/span><\/span><\/span><\/span><\/span><span style=\"color: #000000;\"><span style=\"color: #0000ff;\"><span style=\"color: #000000;\"><span style=\"color: #0000ff;\"><span style=\"color: #000000;\"><span style=\"color: #0000ff;\"><span style=\"color: #000000;\"><span style=\"color: #0000ff;\"><span style=\"color: #008000;\"><span style=\"color: #000000;\"><span style=\"color: #008000;\"><span style=\"color: #000000;\"><span style=\"color: #0000ff;\"><span style=\"color: #000000;\"><span style=\"color: #0000ff;\"><span style=\"color: #000000;\"><span style=\"color: #0000ff;\"><span style=\"color: #000000;\"><span style=\"color: #0000ff;\"><span style=\"color: #000000;\"><span style=\"color: #000000;\"><span style=\"color: #ff6600;\"><span style=\"color: #000000;\">vybrat z pestr\u00e9 nab\u00eddky 13<\/span><\/span><\/span><\/span><\/span><\/span><\/span><\/span><\/span><\/span><\/span><\/span><\/span><\/span><\/span><\/span><\/span><\/span><\/span><\/span><\/span><\/span><\/span><span style=\"color: #000000;\"><span style=\"color: #0000ff;\"><span style=\"color: #000000;\"><span style=\"color: #0000ff;\"><span style=\"color: #000000;\"><span style=\"color: #0000ff;\"><span style=\"color: #000000;\"><span style=\"color: #0000ff;\"><span style=\"color: #008000;\"><span style=\"color: #000000;\"><span style=\"color: #008000;\"><span style=\"color: #000000;\"><span style=\"color: #0000ff;\"><span style=\"color: #000000;\"><span style=\"color: #0000ff;\"><span style=\"color: #000000;\"><span style=\"color: #0000ff;\"><span style=\"color: #000000;\"><span style=\"color: #0000ff;\"><span style=\"color: #000000;\"><span style=\"color: #000000;\"><span style=\"color: #ff6600;\"><span style=\"color: #000000;\">3<\/span><\/span><\/span><\/span><\/span><\/span><\/span><\/span><\/span><\/span><\/span><\/span><span style=\"color: #000000;\"><span style=\"color: #0000ff;\"><span style=\"color: #000000;\"><span style=\"color: #0000ff;\"><span style=\"color: #000000;\"><span style=\"color: #0000ff;\"><span style=\"color: #000000;\"><span style=\"color: #0000ff;\"><span style=\"color: #000000;\"><span style=\"color: #000000;\"><span style=\"color: #ff6600;\"><span style=\"color: #000000;\"> zaj\u00edmav\u00fdch<\/span><\/span><\/span><\/span><\/span><\/span><\/span><\/span><\/span><\/span><\/span><\/span><\/span><\/span><\/span><\/span><\/span><\/span><\/span><\/span><\/span><\/span><\/span><span style=\"color: #000000;\"><span style=\"color: #0000ff;\"><span style=\"color: #000000;\"><span style=\"color: #0000ff;\"><span style=\"color: #000000;\"><span style=\"color: #0000ff;\"><span style=\"color: #000000;\"><span style=\"color: #0000ff;\"><span style=\"color: #008000;\"><span style=\"color: #000000;\"><span style=\"color: #008000;\"><span style=\"color: #000000;\"><span style=\"color: #0000ff;\"><span style=\"color: #000000;\"><span style=\"color: #0000ff;\"><span style=\"color: #000000;\"><span style=\"color: #0000ff;\"><span style=\"color: #000000;\"><span style=\"color: #0000ff;\"><span style=\"color: #000000;\"><span style=\"color: #000000;\"><span style=\"color: #ff6600;\"><span style=\"color: #000000;\"> knih. Jejich seznam si m\u016f\u017eete prohl\u00e9dnout <\/span><\/span><\/span><\/span><\/span><\/span><\/span><\/span><\/span><\/span><\/span><\/span><\/span><\/span><\/span><\/span><\/span><\/span><\/span><\/span><\/span><\/span><\/span><a href=\"http:\/\/lhota-u-vsetina.knihovna.info\/wp-content\/uploads\/2012\/10\/CI-modry-2013-Seninka.pdf\">zde<\/a><strong><strong><strong><strong><strong><strong><strong><strong><strong><strong><\/strong><\/strong><\/strong><\/strong><\/strong><\/strong><\/strong><\/strong><\/strong><\/strong><\/p>","protected":false},"excerpt":{"rendered":"<p>Nov\u00e9 webov\u00e9 str\u00e1nky: https:\/\/lhotauvsetina.knihovna.cz\/ Leden 2016 Dovezli jsme nov\u00e9 knihy ze zimn\u00edho cirkula\u010dn\u00edho souboru. Jejich seznam naleznete zde: Zimn\u00ed cirkula\u010dn\u00ed soubor Kv\u011bten 2015 &nbsp;Nov\u00e9 knihy pro V\u00e1s !!!!! &nbsp;Jako ka\u017ed\u00fd rok v kv\u011btnu jsme dostali do knihovny&nbsp;okolo 130 knih&nbsp;z jarn\u00edho&nbsp;cirkula\u010dn\u00edho&nbsp;souboru.&nbsp;Z\u016fstanou &hellip; <a href=\"https:\/\/lhota-u-vsetina.knihovna.info\/?page_id=197\">Cel\u00fd p\u0159\u00edsp\u011bvek <span class=\"meta-nav\">&rarr;<\/span><\/a><\/p>\n","protected":false},"author":1,"featured_media":0,"parent":0,"menu_order":0,"comment_status":"closed","ping_status":"closed","template":"","meta":{"ngg_post_thumbnail":0,"footnotes":""},"class_list":["post-197","page","type-page","status-publish","hentry"],"_links":{"self":[{"href":"https:\/\/lhota-u-vsetina.knihovna.info\/index.php?rest_route=\/wp\/v2\/pages\/197","targetHints":{"allow":["GET"]}}],"collection":[{"href":"https:\/\/lhota-u-vsetina.knihovna.info\/index.php?rest_route=\/wp\/v2\/pages"}],"about":[{"href":"https:\/\/lhota-u-vsetina.knihovna.info\/index.php?rest_route=\/wp\/v2\/types\/page"}],"author":[{"embeddable":true,"href":"https:\/\/lhota-u-vsetina.knihovna.info\/index.php?rest_route=\/wp\/v2\/users\/1"}],"replies":[{"embeddable":true,"href":"https:\/\/lhota-u-vsetina.knihovna.info\/index.php?rest_route=%2Fwp%2Fv2%2Fcomments&post=197"}],"version-history":[{"count":51,"href":"https:\/\/lhota-u-vsetina.knihovna.info\/index.php?rest_route=\/wp\/v2\/pages\/197\/revisions"}],"predecessor-version":[{"id":346,"href":"https:\/\/lhota-u-vsetina.knihovna.info\/index.php?rest_route=\/wp\/v2\/pages\/197\/revisions\/346"}],"wp:attachment":[{"href":"https:\/\/lhota-u-vsetina.knihovna.info\/index.php?rest_route=%2Fwp%2Fv2%2Fmedia&parent=197"}],"curies":[{"name":"wp","href":"https:\/\/api.w.org\/{rel}","templated":true}]}}