

{"id":23,"date":"2012-01-10T19:55:02","date_gmt":"2012-01-10T19:55:02","guid":{"rendered":"http:\/\/lhota-u-vsetina.knihovna.info\/?page_id=23"},"modified":"2012-08-09T11:39:46","modified_gmt":"2012-08-09T11:39:46","slug":"provozni-doba","status":"publish","type":"page","link":"https:\/\/lhota-u-vsetina.knihovna.info\/?page_id=23","title":{"rendered":"Provozn\u00ed doba"},"content":{"rendered":"<h1 style=\"text-align: center;\"><span style=\"color: #ff6600;\">V\u00fdp\u016fj\u010dn\u00ed doba:<\/span><\/h1>\n<h2 style=\"text-align: center;\">Pond\u011bl\u00ed\u00a0\u00a0\u00a0\u00a0 15:30 &#8211; 17:30<\/h2>\n","protected":false},"excerpt":{"rendered":"<p>V\u00fdp\u016fj\u010dn\u00ed doba: Pond\u011bl\u00ed\u00a0\u00a0\u00a0\u00a0 15:30 &#8211; 17:30<\/p>\n","protected":false},"author":1,"featured_media":0,"parent":0,"menu_order":0,"comment_status":"closed","ping_status":"closed","template":"","meta":{"ngg_post_thumbnail":0,"footnotes":""},"class_list":["post-23","page","type-page","status-publish","hentry"],"_links":{"self":[{"href":"https:\/\/lhota-u-vsetina.knihovna.info\/index.php?rest_route=\/wp\/v2\/pages\/23","targetHints":{"allow":["GET"]}}],"collection":[{"href":"https:\/\/lhota-u-vsetina.knihovna.info\/index.php?rest_route=\/wp\/v2\/pages"}],"about":[{"href":"https:\/\/lhota-u-vsetina.knihovna.info\/index.php?rest_route=\/wp\/v2\/types\/page"}],"author":[{"embeddable":true,"href":"https:\/\/lhota-u-vsetina.knihovna.info\/index.php?rest_route=\/wp\/v2\/users\/1"}],"replies":[{"embeddable":true,"href":"https:\/\/lhota-u-vsetina.knihovna.info\/index.php?rest_route=%2Fwp%2Fv2%2Fcomments&post=23"}],"version-history":[{"count":8,"href":"https:\/\/lhota-u-vsetina.knihovna.info\/index.php?rest_route=\/wp\/v2\/pages\/23\/revisions"}],"predecessor-version":[{"id":97,"href":"https:\/\/lhota-u-vsetina.knihovna.info\/index.php?rest_route=\/wp\/v2\/pages\/23\/revisions\/97"}],"wp:attachment":[{"href":"https:\/\/lhota-u-vsetina.knihovna.info\/index.php?rest_route=%2Fwp%2Fv2%2Fmedia&parent=23"}],"curies":[{"name":"wp","href":"https:\/\/api.w.org\/{rel}","templated":true}]}}