

{"id":5,"date":"2012-01-10T19:37:16","date_gmt":"2012-01-10T19:37:16","guid":{"rendered":"http:\/\/www.knihovna.info\/xxxx\/?page_id=5"},"modified":"2012-08-09T12:27:00","modified_gmt":"2012-08-09T12:27:00","slug":"kontakt","status":"publish","type":"page","link":"https:\/\/lhota-u-vsetina.knihovna.info\/?page_id=5","title":{"rendered":"Kontakt"},"content":{"rendered":"<p><strong><span style=\"color: #ff6600;\">Adresa:<\/span><\/strong><br \/>\n<strong> Obecn\u00ed knihovna Lhota u Vset\u00edna<\/strong><br \/>\n<strong> Lhota u\u00a0Vset\u00edna 211<\/strong><br \/>\n<strong> 755 01<\/strong><\/p>\n<p><strong><span style=\"color: #ff6600;\">Knihovnice:<\/span> Mgr. Jitka Mackov\u00e1<\/strong><\/p>\n<p><strong><span style=\"color: #ff6600;\">Tel.:<\/span> 571 423 699<\/strong><\/p>\n<p><span style=\"color: #ff6600;\"><strong>Email:<\/strong><\/span><strong><a href=\"mailto:administrace@lhotauvsetina.cz\">\u00a0 administrace@lhotauvsetina.cz<\/a><\/strong><\/p>\n<p>&nbsp;<\/p>\n<p>&nbsp;<\/p>\n<p>&nbsp;<\/p>\n<p>&nbsp;<\/p>\n<hr \/>\n<p>M\u00f9\u017eete n\u00e1m tak\u00e9 napsat za pomoc\u00ed n\u00ed\u017ee uveden\u00e9ho formul\u00e1\u00f8e.<\/p>\n<p>[contact-form-7 id=&#8221;4&#8243; title=&#8221;Contact form 1&#8243;]<\/p>\n","protected":false},"excerpt":{"rendered":"<p>Adresa: Obecn\u00ed knihovna Lhota u Vset\u00edna Lhota u\u00a0Vset\u00edna 211 755 01 Knihovnice: Mgr. Jitka Mackov\u00e1 Tel.: 571 423 699 Email:\u00a0 administrace@lhotauvsetina.cz &nbsp; &nbsp; &nbsp; &nbsp; M\u00f9\u017eete n\u00e1m tak\u00e9 napsat za pomoc\u00ed n\u00ed\u017ee uveden\u00e9ho formul\u00e1\u00f8e. [contact-form-7 id=&#8221;4&#8243; title=&#8221;Contact form 1&#8243;]<\/p>\n","protected":false},"author":1,"featured_media":0,"parent":0,"menu_order":0,"comment_status":"closed","ping_status":"closed","template":"","meta":{"ngg_post_thumbnail":0,"footnotes":""},"class_list":["post-5","page","type-page","status-publish","hentry"],"_links":{"self":[{"href":"https:\/\/lhota-u-vsetina.knihovna.info\/index.php?rest_route=\/wp\/v2\/pages\/5","targetHints":{"allow":["GET"]}}],"collection":[{"href":"https:\/\/lhota-u-vsetina.knihovna.info\/index.php?rest_route=\/wp\/v2\/pages"}],"about":[{"href":"https:\/\/lhota-u-vsetina.knihovna.info\/index.php?rest_route=\/wp\/v2\/types\/page"}],"author":[{"embeddable":true,"href":"https:\/\/lhota-u-vsetina.knihovna.info\/index.php?rest_route=\/wp\/v2\/users\/1"}],"replies":[{"embeddable":true,"href":"https:\/\/lhota-u-vsetina.knihovna.info\/index.php?rest_route=%2Fwp%2Fv2%2Fcomments&post=5"}],"version-history":[{"count":10,"href":"https:\/\/lhota-u-vsetina.knihovna.info\/index.php?rest_route=\/wp\/v2\/pages\/5\/revisions"}],"predecessor-version":[{"id":184,"href":"https:\/\/lhota-u-vsetina.knihovna.info\/index.php?rest_route=\/wp\/v2\/pages\/5\/revisions\/184"}],"wp:attachment":[{"href":"https:\/\/lhota-u-vsetina.knihovna.info\/index.php?rest_route=%2Fwp%2Fv2%2Fmedia&parent=5"}],"curies":[{"name":"wp","href":"https:\/\/api.w.org\/{rel}","templated":true}]}}