

{"id":76,"date":"2012-06-14T05:28:26","date_gmt":"2012-06-14T05:28:26","guid":{"rendered":"http:\/\/lhota-u-vsetina.knihovna.info\/?page_id=76"},"modified":"2017-05-22T08:39:22","modified_gmt":"2017-05-22T08:39:22","slug":"katalog-knihovny","status":"publish","type":"page","link":"https:\/\/lhota-u-vsetina.knihovna.info\/?page_id=76","title":{"rendered":"Katalog knihovny"},"content":{"rendered":"<p><span style=\"color: #ff6600; font-size: 24px;\"><strong><span style=\"font-family: times new roman,times;\">Katalog knihovny<\/span><\/strong><\/span> <span style=\"font-family: times new roman,times; font-size: 18px; color: #008000;\"><strong>Zde najdete katalog knih, kter\u00e9&nbsp; najdete v na\u0161\u00ed knihovn\u011b: <\/strong><\/span> <a href=\"http:\/\/katalog.mvk.cz\/\"><span style=\"font-size: 18px; background-color: #73dd7c; color: #000000;\"><strong><span style=\"text-decoration: underline; font-family: times new roman,times;\"><span style=\"text-decoration: underline; background-color: #73dd7c; color: #000000;\">Katalog knihovny<\/span><\/span><\/strong><\/span><\/a> <span style=\"font-family: times new roman,times; font-size: 18px;\">Po kliknut\u00ed na v\u00fd\u0161e uveden\u00fd odkaz se v\u00e1m&nbsp; zobraz\u00ed Souborn\u00fd katalog z Masarykovy ve\u0159ejn\u00e9 knihovny Vset\u00edn<\/span> Do nab\u00eddnut\u00e9ho \u0159\u00e1dku zad\u00e1te: &#8211; n\u00e1zev nebo \u010d\u00e1st n\u00e1zvu hledan\u00e9 knihy \u2013 v\u00fdsledkem hled\u00e1n\u00ed budou v\u0161echny knihy se zvolen\u00fdm zad\u00e1n\u00edm. <strong>Po kliknut\u00ed na vybranou knihu&nbsp;se zobraz\u00ed z\u00e1znam o knize \u2013 po kliknut\u00ed na odr\u00e1\u017eku <span style=\"color: #ff6600;\">DOSTUPNOST<\/span> a v kolonce <span style=\"color: #ff6600;\">UM\u00cdST\u011aN\u00cd<\/span> zjist\u00edte <\/strong><span style=\"color: #ff6600;\"><strong>zda hledanou knihu m\u00e1me v na\u0161em knihovn\u00edm fondu <\/strong><\/span> ( a v kter\u00fdch ostatn\u00edch knihovn\u00e1ch je dostupn\u00e1) Vyhled\u00e1vat dokument m\u016f\u017eete i zad\u00e1n\u00edm v\u00edce krit\u00e9rii\u00ed v kolonce <strong>vyhled\u00e1v\u00e1n\u00ed<\/strong> &nbsp; &nbsp; <span style=\"font-family: times new roman,times; font-size: 18px;\">&nbsp;<\/span><\/p>\n","protected":false},"excerpt":{"rendered":"<p>Katalog knihovny Zde najdete katalog knih, kter\u00e9&nbsp; najdete v na\u0161\u00ed knihovn\u011b: Katalog knihovny Po kliknut\u00ed na v\u00fd\u0161e uveden\u00fd odkaz se v\u00e1m&nbsp; zobraz\u00ed Souborn\u00fd katalog z Masarykovy ve\u0159ejn\u00e9 knihovny Vset\u00edn Do nab\u00eddnut\u00e9ho \u0159\u00e1dku zad\u00e1te: &#8211; n\u00e1zev nebo \u010d\u00e1st n\u00e1zvu hledan\u00e9 knihy &hellip; <a href=\"https:\/\/lhota-u-vsetina.knihovna.info\/?page_id=76\">Cel\u00fd p\u0159\u00edsp\u011bvek <span class=\"meta-nav\">&rarr;<\/span><\/a><\/p>\n","protected":false},"author":1,"featured_media":0,"parent":0,"menu_order":0,"comment_status":"closed","ping_status":"closed","template":"","meta":{"ngg_post_thumbnail":0,"footnotes":""},"class_list":["post-76","page","type-page","status-publish","hentry"],"_links":{"self":[{"href":"https:\/\/lhota-u-vsetina.knihovna.info\/index.php?rest_route=\/wp\/v2\/pages\/76","targetHints":{"allow":["GET"]}}],"collection":[{"href":"https:\/\/lhota-u-vsetina.knihovna.info\/index.php?rest_route=\/wp\/v2\/pages"}],"about":[{"href":"https:\/\/lhota-u-vsetina.knihovna.info\/index.php?rest_route=\/wp\/v2\/types\/page"}],"author":[{"embeddable":true,"href":"https:\/\/lhota-u-vsetina.knihovna.info\/index.php?rest_route=\/wp\/v2\/users\/1"}],"replies":[{"embeddable":true,"href":"https:\/\/lhota-u-vsetina.knihovna.info\/index.php?rest_route=%2Fwp%2Fv2%2Fcomments&post=76"}],"version-history":[{"count":20,"href":"https:\/\/lhota-u-vsetina.knihovna.info\/index.php?rest_route=\/wp\/v2\/pages\/76\/revisions"}],"predecessor-version":[{"id":342,"href":"https:\/\/lhota-u-vsetina.knihovna.info\/index.php?rest_route=\/wp\/v2\/pages\/76\/revisions\/342"}],"wp:attachment":[{"href":"https:\/\/lhota-u-vsetina.knihovna.info\/index.php?rest_route=%2Fwp%2Fv2%2Fmedia&parent=76"}],"curies":[{"name":"wp","href":"https:\/\/api.w.org\/{rel}","templated":true}]}}