

{"id":90,"date":"2012-06-14T10:12:14","date_gmt":"2012-06-14T10:12:14","guid":{"rendered":"http:\/\/lhota-u-vsetina.knihovna.info\/?page_id=90"},"modified":"2016-02-05T08:32:14","modified_gmt":"2016-02-05T08:32:14","slug":"sluzby","status":"publish","type":"page","link":"https:\/\/lhota-u-vsetina.knihovna.info\/?page_id=90","title":{"rendered":"Slu\u017eby"},"content":{"rendered":"<h1 align=\"left\"><span style=\"font-size: 20px; font-family: times new roman,times; color: #ff6600;\"><strong>V\u00ddPUJ\u010cKY KNIH<\/strong><\/span><\/h1>\n<p><span style=\"font-family: times new roman,times; font-size: 16px;\">V na\u0161\u00ed knihovn\u011b je 2 803\u00a0knih pro d\u011bti i dosp\u011bl\u00e9 \u010dten\u00e1\u0159e. Najdete zde beletrii i nau\u010dnou literaturu. Dvakr\u00e1t ro\u010dn\u011b, \u00a0v\u011bt\u0161inou v dubnu a listopadu, nakupujeme nov\u00e9 knihy a informace o jejich n\u00e1kupu najdete v aktualit\u00e1ch.<\/span><\/p>\n<h1><span style=\"color: #ff6600; font-family: times new roman,times; font-size: 20px;\"><strong>INTERNET<\/strong><\/span><\/h1>\n<p><span style=\"font-family: times new roman,times; font-size: 16px;\">Je v na\u0161\u00ed knihovn\u011b\u00a0k dispozici,\u00a0internetov\u00e9 p\u0159ipojen\u00ed je\u00a0ZDARMA. Po\u010d\u00edta\u010d je p\u0159ipojen k tisk\u00e1rn\u011b, tisk je placen\u00fd. <\/span><\/p>\n<h1><span style=\"font-family: times new roman,times; font-size: 20px;\"><span style=\"color: #0000ff;\"><span style=\"color: #ff6600;\">V\u00ddM\u011aNN\u00c9 SOUBORY<\/span> <span style=\"font-size: 20px; font-family: times new roman,times; color: #ff6600;\"><strong>V\u00ddP\u016eJ\u010cKY <\/strong><\/span><\/span><\/span><\/h1>\n<p><span style=\"font-family: times new roman,times; font-size: 16px;\">V knihovn\u011b je mo\u017enost vyp\u016fj\u010dit si knihy ze t\u0159\u00ed v\u00fdm\u011bnn\u00fdch soubor\u016f knih, kter\u00e9 byly zakoupeny z prost\u0159edk\u016f Zl\u00ednsk\u00e9ho kraje.<br \/>\nV\u00fdm\u011bnn\u00e9 soubory z\u016fst\u00e1vaj\u00ed \u010dten\u00e1\u0159\u016fm k dispozici v\u017edy na jeden rok. <\/span><\/p>\n<p><span style=\"font-size: 16px; font-family: times new roman,times;\">Prvn\u00ed soubor knih, tzv.<span style=\"color: #ffcc00;\"> <strong>zimn\u00ed<\/strong>, ozna\u010den\u00fd \u017elut\u00fdm prou\u017ekem <\/span><strong>(<a href=\"http:\/\/lhota-u-vsetina.knihovna.info\/wp-content\/uploads\/2012\/06\/CI-zluta-2016-Lhota1.pdf\">CI zluta 2016 Lhota<\/a>)<\/strong>, je dod\u00e1v\u00e1n do knihovny v\u017edy na za\u010d\u00e1tku roku.<br \/>\n<\/span><\/p>\n<p><span style=\"font-family: times new roman,times; font-size: 16px;\">Druh\u00fd soubor knih, tzv. <span style=\"color: #ff0000;\"><strong>jarn\u00ed<\/strong><\/span>, <\/span><span style=\"font-family: times new roman,times; font-size: 16px;\"><span style=\"color: #ff0000;\">ozna\u010den\u00fd \u010derven\u00fdm prou\u017ekem<\/span><\/span><span style=\"font-family: times new roman,times; font-size: 16px;\"><strong> <span><a href=\"http:\/\/lhota-u-vsetina.knihovna.info\/wp-content\/uploads\/2012\/06\/cijaro2012lhotauvsetina.pdf\">(<\/a><a href=\"http:\/\/lhota-u-vsetina.knihovna.info\/wp-content\/uploads\/2012\/06\/CI-cerveny-2014-Lhota-u-VS.pdf\">CI &#8211; cerveny 2014 &#8211; Lhota u VS<\/a><a href=\"http:\/\/lhota-u-vsetina.knihovna.info\/wp-content\/uploads\/2012\/06\/CI-\u010derven\u00fd-2013-Lhota-u-VS.pdf\">)<\/a>\u00a0 <\/span><\/strong>, p\u0159iv\u00e1\u017e\u00ed pracovnice Masarykovy knihovny ve Vset\u00edn\u011b v m\u011bs\u00edci kv\u011btnu. <\/span><\/p>\n<p><span style=\"font-size: 16px; font-family: times new roman,times;\">T\u0159et\u00ed soubor knih, tzv. <strong><span style=\"color: #0000ff;\">podzimn\u00ed, <\/span><\/strong><span style=\"color: #0000ff;\">ozna\u010den\u00fd modr\u00fdm prou\u017ekem\u00a0\u00a0(<strong><a href=\"http:\/\/lhota-u-vsetina.knihovna.info\/wp-content\/uploads\/2012\/06\/CImodry2014Lhota.pdf\">CI &#8211; modry2014 &#8211; Lhota<\/a>)\u00a0<\/strong><\/span>\u00a0 se dost\u00e1v\u00e1 do knihovny\u00a0v listopadu. <\/span><\/p>\n<p><span style=\"font-family: times new roman,times; font-size: 16px;\">M\u00e1te jedine\u010dnou mo\u017enost si vybrat z t\u00e9m\u011b\u0159 300 svazk\u016f dovezen\u00fdch knih.<\/span><\/p>\n<h1><span style=\"color: #ff6600; font-family: times new roman,times; font-size: 20px;\"><strong>MEZIKNIHOVN\u00cd\u00a0 V\u00ddP\u016eJ\u010cN\u00cd SLU\u017dBA<\/strong><\/span><\/h1>\n<p><span style=\"font-family: times new roman,times; font-size: 16px;\">Pokud si \u010dten\u00e1\u0159 bude cht\u00edt p\u016fj\u010dit knihu, kter\u00e1 nen\u00ed v knihovn\u00edm fondu na\u0161\u00ed knihovny, je mo\u017enost titul objednat pomoc\u00ed Meziknihovn\u00ed v\u00fdp\u016fj\u010dn\u00ed slu\u017eby &#8211; objedn\u00e1n\u00ed zajist\u00ed knihovnice. Term\u00edn dod\u00e1n\u00ed objednan\u00e9 knihy do obecn\u00ed knihovny je zhruba 7 dn\u00ed, v\u00fdp\u016fj\u010dn\u00ed doba je 1 m\u011bs\u00edc s mo\u017enost\u00ed prodlou\u017een\u00ed.\u00a0 Tato slu\u017eba je ZDARMA.<\/span><\/p>\n","protected":false},"excerpt":{"rendered":"<p>V\u00ddPUJ\u010cKY KNIH V na\u0161\u00ed knihovn\u011b je 2 803\u00a0knih pro d\u011bti i dosp\u011bl\u00e9 \u010dten\u00e1\u0159e. Najdete zde beletrii i nau\u010dnou literaturu. Dvakr\u00e1t ro\u010dn\u011b, \u00a0v\u011bt\u0161inou v dubnu a listopadu, nakupujeme nov\u00e9 knihy a informace o jejich n\u00e1kupu najdete v aktualit\u00e1ch. INTERNET Je v &hellip; <a href=\"https:\/\/lhota-u-vsetina.knihovna.info\/?page_id=90\">Cel\u00fd p\u0159\u00edsp\u011bvek <span class=\"meta-nav\">&rarr;<\/span><\/a><\/p>\n","protected":false},"author":1,"featured_media":0,"parent":0,"menu_order":0,"comment_status":"closed","ping_status":"closed","template":"","meta":{"ngg_post_thumbnail":0,"footnotes":""},"class_list":["post-90","page","type-page","status-publish","hentry"],"_links":{"self":[{"href":"https:\/\/lhota-u-vsetina.knihovna.info\/index.php?rest_route=\/wp\/v2\/pages\/90","targetHints":{"allow":["GET"]}}],"collection":[{"href":"https:\/\/lhota-u-vsetina.knihovna.info\/index.php?rest_route=\/wp\/v2\/pages"}],"about":[{"href":"https:\/\/lhota-u-vsetina.knihovna.info\/index.php?rest_route=\/wp\/v2\/types\/page"}],"author":[{"embeddable":true,"href":"https:\/\/lhota-u-vsetina.knihovna.info\/index.php?rest_route=\/wp\/v2\/users\/1"}],"replies":[{"embeddable":true,"href":"https:\/\/lhota-u-vsetina.knihovna.info\/index.php?rest_route=%2Fwp%2Fv2%2Fcomments&post=90"}],"version-history":[{"count":26,"href":"https:\/\/lhota-u-vsetina.knihovna.info\/index.php?rest_route=\/wp\/v2\/pages\/90\/revisions"}],"predecessor-version":[{"id":323,"href":"https:\/\/lhota-u-vsetina.knihovna.info\/index.php?rest_route=\/wp\/v2\/pages\/90\/revisions\/323"}],"wp:attachment":[{"href":"https:\/\/lhota-u-vsetina.knihovna.info\/index.php?rest_route=%2Fwp%2Fv2%2Fmedia&parent=90"}],"curies":[{"name":"wp","href":"https:\/\/api.w.org\/{rel}","templated":true}]}}